{"id":70,"date":"2018-06-01T15:32:07","date_gmt":"2018-06-01T13:32:07","guid":{"rendered":"https:\/\/www.fobistra.de\/?page_id=70"},"modified":"2023-04-20T19:48:39","modified_gmt":"2023-04-20T17:48:39","slug":"stellenangebote-der-partner","status":"publish","type":"page","link":"https:\/\/www.fobistra.de\/?page_id=70","title":{"rendered":"Webinare"},"content":{"rendered":"<p>Zur Teilnahme an unseren Aktualisierungskursen in Form eines Onlinekurses ben\u00f6tigen Sie einen PC oder Laptop, auf dem der passende Client, zu beziehen unter https:\/\/zoom.us\/download, installiert ist. Es ist auch m\u00f6glich direkt \u00fcber den Browser teilzunehmen, ohne die Software zu installieren.<br \/>\nDie Teilnahme \u00fcber das Smartphone ist m\u00f6glich, aber manchmal sind einige Funktionen eingeschr\u00e4nkt.<br \/>\nEine Webcam und ein Mikrophon muss verf\u00fcgbar sein. W\u00e4hrend des Vortrags sind die Teilnehmer stummgeschaltet. Sie k\u00f6nnen aber jederzeit per Chat, Email oder notfalls per Telefon mit uns kommunizieren.<br \/>\nEs wird mehrmals w\u00e4hrend des Seminars eine Anwesenheitskontrolle durchgef\u00fchrt. Das kann auf unterschiedliche Art stattfinden, z.B. durch das Stellen einer einfachen Rechenaufgabe w\u00e4hrend der Vorlesung, dessen Ergebnis Sie sp\u00e4ter angeben m\u00fcssen.<br \/>\nZum Ende des Seminars m\u00fcssen Sie an einem Test \u00fcber die Inhalte der Vorlesung teilnehmen. Sie bekommen daf\u00fcr einen Link genannt, mit dem Sie \u00fcber das Internet den Test aufrufen. Sie beantworten die Fragen durch das Anklicken der (hoffentlich) richtigen L\u00f6sungen und schicken ihn innerhalb von 30 Minuten (!) \u00fcber den Botton \u201eabschicken\u201c zur\u00fcck. Namen nicht vergessen.<br \/>\nDie AGB wurde um folgenden Absatz erg\u00e4nzt: Im Falle der Teilnahme an einem Onlinekurs weisen wir darauf hin, dass wir keinerlei Haftung f\u00fcr Sch\u00e4den an Soft- oder Hardware aufgrund der Teilnahme (dem Empfang von Schadware, Malware, Virus oder Trojaner jeder Art w\u00e4hrend oder anl\u00e4sslich der Teilnahme am Video-Chat) \u00fcbernehmen.<br \/>\nDatenschutzerkl\u00e4rung: Teilnahme an den Webinaren \u00fcber Zoom-Meetings (siehe Punkt 12 in der Datenschutzerkl\u00e4rung)<br \/>\nNehmen Sie an unseren Webinaren teil, stimmen sie den Datenschutzbedingungen von Zoom zu.<\/p>\n","protected":false},"excerpt":{"rendered":"<p>Zur Teilnahme an unseren Aktualisierungskursen in Form eines Onlinekurses ben\u00f6tigen Sie einen PC oder Laptop, auf dem der passende Client, zu beziehen unter https:\/\/zoom.us\/download, installiert ist. Es ist auch m\u00f6glich direkt \u00fcber den Browser teilzunehmen, ohne die Software zu installieren. Die Teilnahme \u00fcber das Smartphone ist m\u00f6glich, aber manchmal sind einige Funktionen eingeschr\u00e4nkt. Eine Webcam &hellip; <\/p>\n<p class=\"link-more\"><a href=\"https:\/\/www.fobistra.de\/?page_id=70\" class=\"more-link\"><span class=\"screen-reader-text\">&#8222;Webinare&#8220;<\/span> weiterlesen<\/a><\/p>\n","protected":false},"author":1,"featured_media":0,"parent":0,"menu_order":0,"comment_status":"closed","ping_status":"closed","template":"","meta":{"footnotes":""},"class_list":["post-70","page","type-page","status-publish","hentry"],"_links":{"self":[{"href":"https:\/\/www.fobistra.de\/index.php?rest_route=\/wp\/v2\/pages\/70","targetHints":{"allow":["GET"]}}],"collection":[{"href":"https:\/\/www.fobistra.de\/index.php?rest_route=\/wp\/v2\/pages"}],"about":[{"href":"https:\/\/www.fobistra.de\/index.php?rest_route=\/wp\/v2\/types\/page"}],"author":[{"embeddable":true,"href":"https:\/\/www.fobistra.de\/index.php?rest_route=\/wp\/v2\/users\/1"}],"replies":[{"embeddable":true,"href":"https:\/\/www.fobistra.de\/index.php?rest_route=%2Fwp%2Fv2%2Fcomments&post=70"}],"version-history":[{"count":9,"href":"https:\/\/www.fobistra.de\/index.php?rest_route=\/wp\/v2\/pages\/70\/revisions"}],"predecessor-version":[{"id":465,"href":"https:\/\/www.fobistra.de\/index.php?rest_route=\/wp\/v2\/pages\/70\/revisions\/465"}],"wp:attachment":[{"href":"https:\/\/www.fobistra.de\/index.php?rest_route=%2Fwp%2Fv2%2Fmedia&parent=70"}],"curies":[{"name":"wp","href":"https:\/\/api.w.org\/{rel}","templated":true}]}}