{"id":64,"date":"2018-06-01T15:30:34","date_gmt":"2018-06-01T13:30:34","guid":{"rendered":"https:\/\/www.fobistra.de\/?page_id=64"},"modified":"2021-09-28T11:49:03","modified_gmt":"2021-09-28T09:49:03","slug":"agbs","status":"publish","type":"page","link":"https:\/\/www.fobistra.de\/?page_id=64","title":{"rendered":"AGBs"},"content":{"rendered":"<p><strong>Allgemeine Gesch\u00e4ftsbedingungen (AGB)<\/strong><\/p>\n<p><strong>1\u00a0\u00a0 Allgemeines<\/strong><\/p>\n<p>Die hier vorliegenden Allgemeinen Gesch\u00e4ftsbedingungen gelten f\u00fcr alle mit Fobistra abgeschlossenen Vertr\u00e4ge, welche die Durchf\u00fchrung einer von Fobistra angebotenen Dienstleistung (Kurse, Seminare, Lehrg\u00e4nge, Tagungen) zum Gegenstand haben. Durch Anmeldung bzw. Vertragsabschluss werden die vorliegenden AGB anerkannt. \u00c4nderungen und Erg\u00e4nzungen des Vertrages und sonstige Vereinbarungen bed\u00fcrfen der Schriftform.<\/p>\n<p><strong>2\u00a0 Haftung<\/strong><\/p>\n<p>Fobistra haftet nicht f\u00fcr den Verlust oder Diebstahl von Gegenst\u00e4nden, die von Teilnehmern mitgebracht wurden. Die Teilnahme an der gebuchten Veranstaltung erfolgt auf eigene Gefahr. Die Haftung von Fobistra bei Unf\u00e4llen ist beschr\u00e4nkt auf Vorsatz \u00a0und grobe Fahrl\u00e4ssigkeit.<\/p>\n<p><strong>\u00a03\u00a0 Anmeldung\/Zahlungsmodalit\u00e4ten<\/strong><\/p>\n<p>Eine Anmeldung erfolgt \u00fcber das Anmeldeformular und ist nach Best\u00e4tigung der Anmeldung verbindlich. Die vereinbarte Teilnahmegeb\u00fchr ist grunds\u00e4tzlich ohne Abzug zahlbar 21 Tage vor dem Kursbeginn. Eine Bescheinigung \u00fcber die (erfolgreiche) Teilnahme an der Veranstaltung wird erst nach Abschluss des Kurses und nach Eingang der vollst\u00e4ndigen Geb\u00fchr ausgeh\u00e4ndigt. Bei Nichterscheinen, versp\u00e4tetem Erscheinen oder einer Absage seitens des Teilnehmers bis eine Woche vor der Veranstaltung muss die gesamte Kursgeb\u00fchr entrichtet werden. Bei Stornierungen, die zwischen 21 und 8 Tagen vor Kursbeginn eingehen, wird eine Bearbeitungsgeb\u00fchr von 50,\u2013 Euro f\u00e4llig. Die Benennung eines Ersatzteilnehmers ist m\u00f6glich.<\/p>\n<p>Die Ausstellung des Teilnehmerzertifikats \u00fcber die (ggf. erfolgreiche) Teilnahme ist Bestandteil der Kursgeb\u00fchr. Das Ausstellen von Duplikaten ist kostenpflichtig \u00a0(15,00 Euro zzgl. Versandkosten).<\/p>\n<p><strong>4\u00a0 Datenschutz<\/strong><\/p>\n<p>Der Teilnehmer stellt Fobistra seine pers\u00f6nlichen Daten in dem geforderten Umfang zur Verf\u00fcgung und erkl\u00e4rt sich damit einverstanden, dass seine Daten \u00a0zum\u00a0 Zwecke der Anmeldungsverwaltung und der Ausstellung der Teilnahmezertifikate gespeichert werden.\u00a0 Danach werden die Daten gel\u00f6scht. N\u00e4heres hierzu siehe Datenschutzerkl\u00e4rung.<\/p>\n<p><strong>\u00a05\u00a0 \u00c4nderungsvorbehalt<\/strong><\/p>\n<p>Fobistra h\u00e4lt sich vor, inhaltliche oder organisatorische \u00c4nderungen vor oder w\u00e4hrend der Veranstaltung (Programm\u00e4nderungen) vorzunehmen, soweit diese den Gesamtcharakter der Veranstaltung nicht \u00e4ndern. Im Bedarfsfall ist Fobistra berechtigt, den\/die zun\u00e4chst vorgesehene\/n Referenten\/-in durch eine gleich qualifizierte Person zu ersetzen.<\/p>\n<p><strong>6\u00a0 Absage von Veranstaltungen seitens Fobistra<\/strong><\/p>\n<p>Fobistra beh\u00e4lt sich vor, Kurse zu verschieben oder aus Gr\u00fcnden abzusagen, die sie nicht selbst zu vertreten hat, z.B. bei Erkrankung von Dozenten, Nichterreichen der notwendigen Teilnehmerzahl u.\u00e4. Der angemeldete Teilnehmer wird\u00a0dann sp\u00e4testens eine Woche vor dem geplanten Kursbeginn per Email (ggf. Postalisch) benachrichtigt. Die bereits gezahlte Teilnehmergeb\u00fchr wird erstattet. Weitergehende Anspr\u00fcche seitens der Teilnehmer, insbesondere Schadensersatzanspr\u00fcche aller Art sind ausgeschlossen.<\/p>\n<p><strong>\u00a07\u00a0 Copyright und Schutzrechte<\/strong><\/p>\n<p>Die im Rahmen der Veranstaltungen ausgeh\u00e4ndigten oder elektronisch zur Verf\u00fcgung gestellten Schulungsunterlagen sind urheberrechtlich gesch\u00fctzt und d\u00fcrfen nicht &#8211; auch nicht auszugsweise &#8211; ohne schriftliche Einwilligung von Fobistra vervielf\u00e4ltigt, zum Download\/kopieren bereitgestellt oder gewerblich genutzt werden. Es ist verboten, w\u00e4hrend der Veranstaltung zu filmen, zu fotographieren oder Tonmitschnitte zu erstellen.<\/p>\n<p><strong>8\u00a0 Gerichtsbarkeit<\/strong><\/p>\n<p>Es gilt ausschlie\u00dflich deutsches Recht. Als ausschlie\u00dflicher Gerichtsstand f\u00fcr alle sich aus dem Vertragsverh\u00e4ltnis ergebenden Streitigkeiten gilt das f\u00fcr Fobistra zust\u00e4ndige Gericht.<\/p>\n<p><strong>9\u00a0 Salvatorische Klausel<\/strong><\/p>\n<p>Sollte eine oder mehrere Bestimmungen dieser AGB ganz oder teilweise unwirksam sein oder\u00a0 werden, ber\u00fchrt dies nicht die Wirksamkeit der \u00fcbrigen Regelungen.<\/p>\n<p><strong>10 Erg\u00e4nzung f\u00fcr Webinare<\/strong><\/p>\n<p>Im Falle der Teilnahme an einem Onlinekurs weisen wir darauf hin, dass wir keinerlei Haftung f\u00fcr Sch\u00e4den an Soft- oder Hardware aufgrund der Teilnahme (dem Empfang von Schadware, Malware, Virus oder Trojaner jeder Art w\u00e4hrend oder anl\u00e4sslich der Teilnahme am Video-Chat) \u00fcbernehmen.<\/p>\n","protected":false},"excerpt":{"rendered":"<p>Allgemeine Gesch\u00e4ftsbedingungen (AGB) 1\u00a0\u00a0 Allgemeines Die hier vorliegenden Allgemeinen Gesch\u00e4ftsbedingungen gelten f\u00fcr alle mit Fobistra abgeschlossenen Vertr\u00e4ge, welche die Durchf\u00fchrung einer von Fobistra angebotenen Dienstleistung (Kurse, Seminare, Lehrg\u00e4nge, Tagungen) zum Gegenstand haben. Durch Anmeldung bzw. Vertragsabschluss werden die vorliegenden AGB anerkannt. \u00c4nderungen und Erg\u00e4nzungen des Vertrages und sonstige Vereinbarungen bed\u00fcrfen der Schriftform. 2\u00a0 Haftung Fobistra &hellip; <\/p>\n<p class=\"link-more\"><a href=\"https:\/\/www.fobistra.de\/?page_id=64\" class=\"more-link\"><span class=\"screen-reader-text\">&#8222;AGBs&#8220;<\/span> weiterlesen<\/a><\/p>\n","protected":false},"author":1,"featured_media":0,"parent":0,"menu_order":0,"comment_status":"closed","ping_status":"closed","template":"","meta":{"footnotes":""},"class_list":["post-64","page","type-page","status-publish","hentry"],"_links":{"self":[{"href":"https:\/\/www.fobistra.de\/index.php?rest_route=\/wp\/v2\/pages\/64","targetHints":{"allow":["GET"]}}],"collection":[{"href":"https:\/\/www.fobistra.de\/index.php?rest_route=\/wp\/v2\/pages"}],"about":[{"href":"https:\/\/www.fobistra.de\/index.php?rest_route=\/wp\/v2\/types\/page"}],"author":[{"embeddable":true,"href":"https:\/\/www.fobistra.de\/index.php?rest_route=\/wp\/v2\/users\/1"}],"replies":[{"embeddable":true,"href":"https:\/\/www.fobistra.de\/index.php?rest_route=%2Fwp%2Fv2%2Fcomments&post=64"}],"version-history":[{"count":5,"href":"https:\/\/www.fobistra.de\/index.php?rest_route=\/wp\/v2\/pages\/64\/revisions"}],"predecessor-version":[{"id":261,"href":"https:\/\/www.fobistra.de\/index.php?rest_route=\/wp\/v2\/pages\/64\/revisions\/261"}],"wp:attachment":[{"href":"https:\/\/www.fobistra.de\/index.php?rest_route=%2Fwp%2Fv2%2Fmedia&parent=64"}],"curies":[{"name":"wp","href":"https:\/\/api.w.org\/{rel}","templated":true}]}}