{"id":57,"date":"2018-06-01T15:26:12","date_gmt":"2018-06-01T13:26:12","guid":{"rendered":"https:\/\/www.fobistra.de\/?page_id=57"},"modified":"2026-02-02T11:59:48","modified_gmt":"2026-02-02T10:59:48","slug":"kurs-4","status":"publish","type":"page","link":"https:\/\/www.fobistra.de\/?page_id=57","title":{"rendered":"Kurs 4"},"content":{"rendered":"<p><strong>Aktualisierung der Kenntnisse f\u00fcr OP-Personal nach StrlSchG (vorher \u00a7 18a R\u00f6V)<\/strong><\/p>\n<p><strong>Ziel<\/strong>: Der Aktualisierungskurs richtet sich an Personen, die auf direkte Anweisung des unmittelbar anwesenden Arztes einfache R\u00f6ntgeneinrichtungen bedienen. Die Teilnahme ist alle 5 Jahre erforderlich. Der Kurs ist durch die Aufsichtsbeh\u00f6rde Berlin (LAGetSi) anerkannt und gilt bundesweit.<\/p>\n<p><strong>Voraussetzung<\/strong>: Sie haben an einem Kenntniskurs f\u00fcr OP-Personal (20 oder 24 Stunden teilgenommen).<\/p>\n<p><strong>Durchf\u00fchrung<\/strong>:\u00a0 Das 4-st\u00fcndige Live-Webinar bzw. die Pr\u00e4senzphase endet mit einem schriftlichen Wissenstest.<\/p>\n<p><strong>Themen der Veranstaltung<\/strong>: Gesetzliche Grundlagen, Dosimetrie, Strahlenschutz Patient\/Personal, \u00c4rztliche Stellen, aktuelle Entwicklungen in der R\u00f6ntgentechnik und im Strahlenschutz<\/p>\n<p><b>Sie haben die Wahl: <\/b>Sie k\u00f6nnen zum Kursort in 10777 Berlin kommen oder Sie nehmen online teil:\u00a0\u00a0<\/p>\n<p>&nbsp;<\/p>\n<p><strong>Kurstermine 2026:<\/strong><\/p>\n<p>Freitag, 16.01.2026\u00a0 14.30 &#8211; 18.00 Uhr (Pr\u00e4senz)<\/p>\n<p>Mittwoch, 21.01.2026\u00a0 13.30 &#8211; 17.00 Uhr (Webinar)<\/p>\n<p>Freitag, 17.04.2026\u00a0 14.30 &#8211; 18.00 Uhr (Pr\u00e4senz)<\/p>\n<p>Mittwoch, 22.04.2026\u00a0 13.30 &#8211; 17.00 Uhr (Webinar) Ausgebucht. Der Kurs ist leider bereits belegt. Sie k\u00f6nnen sich auf unsere Warteliste setzen lassen oder den zus\u00e4tzlichen Termin nutzen.<\/p>\n<p>Montag, 04.05.2026 12:30 &#8211; 16:00 Uhr <strong>zus\u00e4tzlicher Termin<\/strong> (Webinar)<\/p>\n<p>Freitag, 04.09.2026\u00a0 14.30 &#8211; 18.00 Uhr (Pr\u00e4senz)<\/p>\n<p>Mittwoch, 09.09.2026\u00a0 14.30 &#8211; 18.00 Uhr (Webinar)<\/p>\n<p>Freitag, 13.11.2026\u00a0 \u00a013.00 &#8211; 18.00 Uhr (Pr\u00e4senz)<\/p>\n<p><strong>Kosten<\/strong>: 80,00 Euro<\/p>\n<p>Dieser Kurs ist auch als Inhouse-Veranstaltung f\u00fcr Ihr Personal buchbar. (Kosten: nach Vereinbarung)<\/p>\n\n\n<p><\/p>\n","protected":false},"excerpt":{"rendered":"<p>Aktualisierung der Kenntnisse f\u00fcr OP-Personal nach StrlSchG (vorher \u00a7 18a R\u00f6V) Ziel: Der Aktualisierungskurs richtet sich an Personen, die auf direkte Anweisung des unmittelbar anwesenden Arztes einfache R\u00f6ntgeneinrichtungen bedienen. Die Teilnahme ist alle 5 Jahre erforderlich. Der Kurs ist durch die Aufsichtsbeh\u00f6rde Berlin (LAGetSi) anerkannt und gilt bundesweit. Voraussetzung: Sie haben an einem Kenntniskurs f\u00fcr &hellip; <\/p>\n<p class=\"link-more\"><a href=\"https:\/\/www.fobistra.de\/?page_id=57\" class=\"more-link\"><span class=\"screen-reader-text\">&#8222;Kurs 4&#8220;<\/span> weiterlesen<\/a><\/p>\n","protected":false},"author":1,"featured_media":0,"parent":0,"menu_order":0,"comment_status":"closed","ping_status":"closed","template":"","meta":{"footnotes":""},"class_list":["post-57","page","type-page","status-publish","hentry"],"_links":{"self":[{"href":"https:\/\/www.fobistra.de\/index.php?rest_route=\/wp\/v2\/pages\/57","targetHints":{"allow":["GET"]}}],"collection":[{"href":"https:\/\/www.fobistra.de\/index.php?rest_route=\/wp\/v2\/pages"}],"about":[{"href":"https:\/\/www.fobistra.de\/index.php?rest_route=\/wp\/v2\/types\/page"}],"author":[{"embeddable":true,"href":"https:\/\/www.fobistra.de\/index.php?rest_route=\/wp\/v2\/users\/1"}],"replies":[{"embeddable":true,"href":"https:\/\/www.fobistra.de\/index.php?rest_route=%2Fwp%2Fv2%2Fcomments&post=57"}],"version-history":[{"count":44,"href":"https:\/\/www.fobistra.de\/index.php?rest_route=\/wp\/v2\/pages\/57\/revisions"}],"predecessor-version":[{"id":629,"href":"https:\/\/www.fobistra.de\/index.php?rest_route=\/wp\/v2\/pages\/57\/revisions\/629"}],"wp:attachment":[{"href":"https:\/\/www.fobistra.de\/index.php?rest_route=%2Fwp%2Fv2%2Fmedia&parent=57"}],"curies":[{"name":"wp","href":"https:\/\/api.w.org\/{rel}","templated":true}]}}