{"id":53,"date":"2018-06-01T15:25:40","date_gmt":"2018-06-01T13:25:40","guid":{"rendered":"https:\/\/www.fobistra.de\/?page_id=53"},"modified":"2026-02-04T15:25:51","modified_gmt":"2026-02-04T14:25:51","slug":"kurs-2","status":"publish","type":"page","link":"https:\/\/www.fobistra.de\/?page_id=53","title":{"rendered":"Kurs 2"},"content":{"rendered":"<p><strong>Kombinierter Aktualisierungskurs der Fachkunde f\u00fcr MTR\/MTRA in den Gebieten Radiologie, Nuklearmedizin und Strahlentherapie<\/strong><\/p>\n<p><strong>Ziel:<\/strong> Das StrlSchG verlangt, dass erworbene Strahlenschutz-Fachkunden alle 5 Jahre aktualisiert werden. Die Aktualisierung k\u00f6nnen Sie durch die erfolgreiche Teilnahme an einem von der Aufsichtsbeh\u00f6rde anerkannten Kurs erlangen.<\/p>\n<p><strong>Durchf\u00fchrung: <\/strong>Sie erhalten ca. 4 Wochen vor dem Termin eine detaillierte Kursinformation.<\/p>\n<p>F\u00fcr den kombinierten Aktualisierungskurs haben Sie 12 Unterrichtseinheiten zu absolvieren.<\/p>\n<p>6 Unterrichtseinheiten k\u00f6nnen Sie bequem als Selbststudium in Eigenorganisation bearbeiten (modulares Lernen).<\/p>\n<p>Unter https:\/\/www.fobistra.de\/ k\u00f6nnen Sie die zur Auswahl stehenden Module bereits im Vorfeld einsehen. Dieser Teilabschnitt aus 6 Unterrichtseinheiten endet nach dem Selbststudium mit einem schriftlichen Zwischentest.<\/p>\n<p>Ihre Pr\u00e4senz- bzw. Webinar-Zeit verk\u00fcrzt sich dementsprechend.<\/p>\n<p>Der 2. Unterrichtsabschnitt findet als Pr\u00e4senzveranstaltung oder Live-Webinar statt.<\/p>\n<p>Ihre Kurszertifikate gelten bundesweit.<\/p>\n<p><strong>Dieser Kurs ist auch als Einzelkurs f\u00fcr eines der Gebiete zu reduzierten Kosten buchbar.<\/strong><\/p>\n<p><strong>Themen der Veranstaltung<\/strong>: u.a. Gesetzliche Grundlagen, Strahlenschutz und Dosimetrie, \u00c4rztliche Stellen<\/p>\n<p><strong>Kurstermine 2026<\/strong>:<\/p>\n<p>Freitag, <strong>17.04.2026<\/strong>\u00a0 \u00a013.00 &#8211; 18.00 Uhr (Pr\u00e4senzteilnahme)<\/p>\n<p>Mittwoch, <strong>22.04.2026\u00a0<\/strong> 12.00 &#8211; 17.00 Uhr (Webinar) Ausgebucht. Der Kurs ist leider bereits belegt. Sie k\u00f6nnen sich auf unsere Warteliste setzen lassen oder den zus\u00e4tzlichen Termin nutzen.<\/p>\n<p>Montag, <strong>04.05.2026<\/strong> 11:00 &#8211; 16:00 Uhr <strong>zus\u00e4tzlicher Termin<\/strong> (Webinar)<\/p>\n<p>Freitag, <strong>04.09.2026<\/strong>\u00a0 \u00a013.00 &#8211; 18.00Uhr (Pr\u00e4senzteilnahme)<\/p>\n<p>Mittwoch, <strong>09.09.2026\u00a0<\/strong> 13.00 &#8211; 18.00 Uhr (Webinar)<\/p>\n<p>Freitag, <strong>13.11.2026\u00a0<\/strong> \u00a013.00 &#8211; 18.00 Uhr\u00a0 (Pr\u00e4senzteilnahme)<\/p>\n<p>Montag, <strong>07.12.2026<\/strong> 11:00-16:00 Uhr (Webinar)<\/p>\n<p><strong>Kosten<\/strong>:\u00a0 \u00a0170,00 \u20ac einschl. Lehrmaterialien und Abschlusspr\u00fcfung<\/p>\n","protected":false},"excerpt":{"rendered":"<p>Kombinierter Aktualisierungskurs der Fachkunde f\u00fcr MTR\/MTRA in den Gebieten Radiologie, Nuklearmedizin und Strahlentherapie Ziel: Das StrlSchG verlangt, dass erworbene Strahlenschutz-Fachkunden alle 5 Jahre aktualisiert werden. Die Aktualisierung k\u00f6nnen Sie durch die erfolgreiche Teilnahme an einem von der Aufsichtsbeh\u00f6rde anerkannten Kurs erlangen. Durchf\u00fchrung: Sie erhalten ca. 4 Wochen vor dem Termin eine detaillierte Kursinformation. F\u00fcr den &hellip; <\/p>\n<p class=\"link-more\"><a href=\"https:\/\/www.fobistra.de\/?page_id=53\" class=\"more-link\"><span class=\"screen-reader-text\">&#8222;Kurs 2&#8220;<\/span> weiterlesen<\/a><\/p>\n","protected":false},"author":1,"featured_media":0,"parent":0,"menu_order":0,"comment_status":"closed","ping_status":"closed","template":"","meta":{"footnotes":""},"class_list":["post-53","page","type-page","status-publish","hentry"],"_links":{"self":[{"href":"https:\/\/www.fobistra.de\/index.php?rest_route=\/wp\/v2\/pages\/53","targetHints":{"allow":["GET"]}}],"collection":[{"href":"https:\/\/www.fobistra.de\/index.php?rest_route=\/wp\/v2\/pages"}],"about":[{"href":"https:\/\/www.fobistra.de\/index.php?rest_route=\/wp\/v2\/types\/page"}],"author":[{"embeddable":true,"href":"https:\/\/www.fobistra.de\/index.php?rest_route=\/wp\/v2\/users\/1"}],"replies":[{"embeddable":true,"href":"https:\/\/www.fobistra.de\/index.php?rest_route=%2Fwp%2Fv2%2Fcomments&post=53"}],"version-history":[{"count":67,"href":"https:\/\/www.fobistra.de\/index.php?rest_route=\/wp\/v2\/pages\/53\/revisions"}],"predecessor-version":[{"id":635,"href":"https:\/\/www.fobistra.de\/index.php?rest_route=\/wp\/v2\/pages\/53\/revisions\/635"}],"wp:attachment":[{"href":"https:\/\/www.fobistra.de\/index.php?rest_route=%2Fwp%2Fv2%2Fmedia&parent=53"}],"curies":[{"name":"wp","href":"https:\/\/api.w.org\/{rel}","templated":true}]}}