{"id":509,"date":"2024-04-27T12:41:14","date_gmt":"2024-04-27T10:41:14","guid":{"rendered":"https:\/\/www.fobistra.de\/?page_id=509"},"modified":"2026-03-19T15:25:18","modified_gmt":"2026-03-19T14:25:18","slug":"kurs-1-1","status":"publish","type":"page","link":"https:\/\/www.fobistra.de\/?page_id=509","title":{"rendered":"Kurs 6"},"content":{"rendered":"\n<p><strong>Manchmal ist weniger mehr&#8230;<\/strong><\/p>\n\n\n\n<p><strong>nur<\/strong> <strong>8 Unterrichtseinheiten<\/strong> (UE)<\/p>\n\n\n\n<p><strong>Kurs zum Erwerb der erforderlichen Kenntnisse im Strahlenschutz<br>f\u00fcr \u00c4rzte:innen gem\u00e4\u00df Anlage 7 der Richtlinie Fachkunde und Kenntnisse<br>im Strahlenschutz<\/strong> <strong>bei dem Betrieb von R\u00f6ntgeneinrichtungen in der Medizin<\/strong><\/p>\n\n\n\n<p><\/p>\n\n\n\n<p><strong>Zielgruppe<\/strong>:<\/p>\n\n\n\n<p>Der Kenntniskurs richtet sich an \u00c4rzte:innen, die R\u00f6ntgenstrahlen in der Diagnostik unter Verantwortung eines\/r fachkundigen Arztes\/\u00c4rztin anwenden wollen und\/oder nicht selbstst\u00e4ndig die Rechtfertigende Indikation stellen m\u00fcssen. <\/p>\n\n\n\n<p>Der Kurs dient dem Erwerb der hierf\u00fcr notwendigen Kenntnisse im Strahlenschutz gem\u00e4\u00df \u00a7 49 StrlSchVo. <br>Der Nachweis der erfolgreichen Teilnahme am Kenntniskurs kann auf eine weitere Strahlenschutzausbildung angerechnet werden.<\/p>\n\n\n\n<p><br><strong>Kurskonzept<\/strong>: Der Kurs besteht aus 2 Ausbildungsteilen:<strong><br><\/strong><\/p>\n\n\n\n<ol class=\"wp-block-list\">\n<li><strong>Praktische Unterweisung<\/strong><br>4 UE je 45 Minuten in eigener Organisation und Verantwortung an Ihrem T\u00e4tigkeitsstandort durch eine\/n fachkundige\/n Arzt\/\u00e4rztin. F\u00fcr diesen Ausbildungsabschnitt wird Ihnen unterst\u00fctzendes Lehrmaterial zur Verf\u00fcgung gestellt.<br><\/li>\n\n\n\n<li><strong>Theoretische Ausbildung<\/strong><br>4 UE je 45 Minuten synchrones Lernen als Webinar. Am Ende der theoretischen Ausbildung findet die Abschlusspr\u00fcfung im MC-Format statt. Der Kurs ist von der zust\u00e4ndigen<br>Aufsichtsbeh\u00f6rde Berlin anerkannt. Die Anerkennung gilt bundesweit.<\/li>\n<\/ol>\n\n\n\n<p>Der Einstieg in den Kurs ist jederzeit m\u00f6glich. Webinar-Termine erfragen Sie bitte unter fobistra@gmx.de.<\/p>\n\n\n\n<p><strong>Kursgeb\u00fchr:<\/strong><br>Die Teilnahmegeb\u00fchr betr\u00e4gt 100,00 \u20ac einschl.  Lehrmaterialien, Pr\u00fcfungsgeb\u00fchr<br>und Teilnahmezertifikat. <\/p>\n\n\n\n<p><\/p>\n","protected":false},"excerpt":{"rendered":"<p>Manchmal ist weniger mehr&#8230; nur 8 Unterrichtseinheiten (UE) Kurs zum Erwerb der erforderlichen Kenntnisse im Strahlenschutzf\u00fcr \u00c4rzte:innen gem\u00e4\u00df Anlage 7 der Richtlinie Fachkunde und Kenntnisseim Strahlenschutz bei dem Betrieb von R\u00f6ntgeneinrichtungen in der Medizin Zielgruppe: Der Kenntniskurs richtet sich an \u00c4rzte:innen, die R\u00f6ntgenstrahlen in der Diagnostik unter Verantwortung eines\/r fachkundigen Arztes\/\u00c4rztin anwenden wollen und\/oder nicht &hellip; <\/p>\n<p class=\"link-more\"><a href=\"https:\/\/www.fobistra.de\/?page_id=509\" class=\"more-link\"><span class=\"screen-reader-text\">&#8222;Kurs 6&#8220;<\/span> weiterlesen<\/a><\/p>\n","protected":false},"author":1,"featured_media":0,"parent":0,"menu_order":0,"comment_status":"closed","ping_status":"closed","template":"","meta":{"footnotes":""},"class_list":["post-509","page","type-page","status-publish","hentry"],"_links":{"self":[{"href":"https:\/\/www.fobistra.de\/index.php?rest_route=\/wp\/v2\/pages\/509","targetHints":{"allow":["GET"]}}],"collection":[{"href":"https:\/\/www.fobistra.de\/index.php?rest_route=\/wp\/v2\/pages"}],"about":[{"href":"https:\/\/www.fobistra.de\/index.php?rest_route=\/wp\/v2\/types\/page"}],"author":[{"embeddable":true,"href":"https:\/\/www.fobistra.de\/index.php?rest_route=\/wp\/v2\/users\/1"}],"replies":[{"embeddable":true,"href":"https:\/\/www.fobistra.de\/index.php?rest_route=%2Fwp%2Fv2%2Fcomments&post=509"}],"version-history":[{"count":8,"href":"https:\/\/www.fobistra.de\/index.php?rest_route=\/wp\/v2\/pages\/509\/revisions"}],"predecessor-version":[{"id":655,"href":"https:\/\/www.fobistra.de\/index.php?rest_route=\/wp\/v2\/pages\/509\/revisions\/655"}],"wp:attachment":[{"href":"https:\/\/www.fobistra.de\/index.php?rest_route=%2Fwp%2Fv2%2Fmedia&parent=509"}],"curies":[{"name":"wp","href":"https:\/\/api.w.org\/{rel}","templated":true}]}}