{"id":145,"date":"2018-06-01T18:24:19","date_gmt":"2018-06-01T16:24:19","guid":{"rendered":"https:\/\/www.fobistra.de\/?page_id=145"},"modified":"2026-03-19T15:34:44","modified_gmt":"2026-03-19T14:34:44","slug":"home","status":"publish","type":"page","link":"https:\/\/www.fobistra.de\/","title":{"rendered":"Home"},"content":{"rendered":"<h2>wir bieten:<\/h2>\n<h1><strong>Aktualisierungskurse* f\u00fcr Fachkunde und Kenntnisse im Strahlenschutz nach StrlSchG (vormals R\u00f6V und\/oder StrlSchV)<\/strong><\/h1>\n<h2>f\u00fcr \u00c4rzt*innen, MPE, MTA-R, MFA<\/h2>\n<h2>*modularisierte Kurse mit verk\u00fcrzter Pr\u00e4senzzeit.\u00a0 Ab Januar 2023 haben Sie die Wahl: Kommen Sie zum Viktoria-Luise-Platz in Berlin-Sch\u00f6neberg oder nehmen Sie \u00fcber das Webinar (Zoom) teil.<\/h2>\n<h1><strong>Aktualisierung der Kenntnisse (R\u00f6V) f\u00fcr OP-Personal.<\/strong><\/h1>\n<h1><strong>Kurs 6 Ausbildungskurs zum Erwerb der Kenntnisse im Strahlenschutz f\u00fcr \u00c4rzte\/\u00c4rztinnen (nur 8-Unterrichtseinheiten)\u00a0<\/strong><\/h1>\n<h3><\/h3>\n<h3>Die Kurse sind von der atomrechtlichen Aufsichtsbeh\u00f6rde in Berlin (LAGetSi) sowie dem Landesamt f\u00fcr Arbeitsschutz, Verbraucherschutz und Gesundheit des Landes Brandenburg (LAVG) anerkannt und gelten bundesweit.<\/h3>\n<h2><\/h2>\n","protected":false},"excerpt":{"rendered":"<p>wir bieten: Aktualisierungskurse* f\u00fcr Fachkunde und Kenntnisse im Strahlenschutz nach StrlSchG (vormals R\u00f6V und\/oder StrlSchV) f\u00fcr \u00c4rzt*innen, MPE, MTA-R, MFA *modularisierte Kurse mit verk\u00fcrzter Pr\u00e4senzzeit.\u00a0 Ab Januar 2023 haben Sie die Wahl: Kommen Sie zum Viktoria-Luise-Platz in Berlin-Sch\u00f6neberg oder nehmen Sie \u00fcber das Webinar (Zoom) teil. Aktualisierung der Kenntnisse (R\u00f6V) f\u00fcr OP-Personal. Kurs 6 Ausbildungskurs &hellip; <\/p>\n<p class=\"link-more\"><a href=\"https:\/\/www.fobistra.de\/\" class=\"more-link\"><span class=\"screen-reader-text\">&#8222;Home&#8220;<\/span> weiterlesen<\/a><\/p>\n","protected":false},"author":1,"featured_media":0,"parent":0,"menu_order":0,"comment_status":"closed","ping_status":"closed","template":"","meta":{"footnotes":""},"class_list":["post-145","page","type-page","status-publish","hentry"],"_links":{"self":[{"href":"https:\/\/www.fobistra.de\/index.php?rest_route=\/wp\/v2\/pages\/145","targetHints":{"allow":["GET"]}}],"collection":[{"href":"https:\/\/www.fobistra.de\/index.php?rest_route=\/wp\/v2\/pages"}],"about":[{"href":"https:\/\/www.fobistra.de\/index.php?rest_route=\/wp\/v2\/types\/page"}],"author":[{"embeddable":true,"href":"https:\/\/www.fobistra.de\/index.php?rest_route=\/wp\/v2\/users\/1"}],"replies":[{"embeddable":true,"href":"https:\/\/www.fobistra.de\/index.php?rest_route=%2Fwp%2Fv2%2Fcomments&post=145"}],"version-history":[{"count":17,"href":"https:\/\/www.fobistra.de\/index.php?rest_route=\/wp\/v2\/pages\/145\/revisions"}],"predecessor-version":[{"id":657,"href":"https:\/\/www.fobistra.de\/index.php?rest_route=\/wp\/v2\/pages\/145\/revisions\/657"}],"wp:attachment":[{"href":"https:\/\/www.fobistra.de\/index.php?rest_route=%2Fwp%2Fv2%2Fmedia&parent=145"}],"curies":[{"name":"wp","href":"https:\/\/api.w.org\/{rel}","templated":true}]}}